{"id":8278,"date":"2023-05-10T16:51:26","date_gmt":"2023-05-10T14:51:26","guid":{"rendered":"https:\/\/www.emire.fr\/?page_id=8278"},"modified":"2023-05-10T16:51:26","modified_gmt":"2023-05-10T14:51:26","slug":"privacy-policy","status":"publish","type":"page","link":"https:\/\/emire.fr\/en\/privacy-policy\/","title":{"rendered":"Politique de confidentialit\u00e9"},"content":{"rendered":"<p><strong>POLITIQUE DE PROTECTION DES DONN\u00c9ES PERSONNELLES<\/strong><\/p>\n\n\n\n<p><em>Date de derni\u00e8re mise \u00e0 jour : 25 mars 2022&nbsp;<\/em><\/p>\n\n\n\n<p>Emire.Fr est engag\u00e9 dans une d\u00e9marche continue de conformit\u00e9 avec le R\u00e8glement G\u00e9n\u00e9ral sur la Protection des Donn\u00e9es pour que les donn\u00e9es des utilisateurs soient collect\u00e9es et utilis\u00e9es de mani\u00e8re transparente, confidentielle et s\u00e9curis\u00e9e.<\/p>\n\n\n\n<p><strong>COMMENT NOUS CONTACTER<\/strong><\/p>\n\n\n\n<p>Pour toute question, r\u00e9clamation ou si vous souhaitez transmettre \u00e0 Emire.Fr des recommandations visant \u00e0 am\u00e9liorer sa politique de protection des donn\u00e9es personnelles vous pouvez envoyer un email \u00e0 l\u2019adresse linemakeupformation@gmail.com ou adresser un courrier \u00e0 l\u2019adresse suivante :<\/p>\n\n\n\n<p>Emire.Fr &#8211; 60 rue Francois 1er 75008 Paris.<\/p>\n\n\n\n<p><strong>POLITIQUE DE PROTECTION DES DONN\u00c9ES PERSONNELLES \u00c0 PARTIR DU 25 OCTOBRE 2018<\/strong><\/p>\n\n\n\n<p>Notre Politique de protection des donn\u00e9es personnelles d\u00e9taille la mani\u00e8re dont Emire.Fr traite les donn\u00e9es \u00e0 caract\u00e8re personnel des visiteurs et des utilisateurs (ci- apr\u00e8s les \u00ab Utilisateurs \u00bb) lors de leur navigation et l\u2019utilisation des service du site www.Emire.Fr.com (ci-apr\u00e8s le \u00ab Site \u00bb). La Politique de protection des donn\u00e9es personnelles fait partie int\u00e9grante des Conditions G\u00e9n\u00e9rales d\u2019Utilisation du Site. Emire.Fr porte une attention permanente aux donn\u00e9es de ses Utilisateurs. Nous pouvons ainsi \u00eatre amen\u00e9 \u00e0 modifier, compl\u00e9ter ou mettre \u00e0 jour la Politique de protection des donn\u00e9es personnelles. En cas de mise \u00e0 jour majeure, nous vous informerons par email ou par nos services pour vous permettre d\u2019examiner ces modifications avant qu\u2019elles ne prennent effet. En tout \u00e9tat de cause nous vous invitons \u00e0 consulter r\u00e9guli\u00e8rement la derni\u00e8re version en vigueur, disponible sur cette page.<\/p>\n\n\n\n<p>L\u2019utilisation des services du Site apr\u00e8s la publication ou l\u2019envoi d\u2019un avis concernant les modifications apport\u00e9es \u00e0 la Politique de protection des donn\u00e9es personnelles, implique acceptation de la modification de ces modifications.<\/p>\n\n\n\n<p><strong>QUELLES DONN\u00c9ES SONT COLLECT\u00c9ES ET POURQUOI ?<\/strong><\/p>\n\n\n\n<p>Lorsque vous naviguez sur notre site et lors de la cr\u00e9ation d\u2019un compte sur la plateforme nous collectons et traitons des donn\u00e9es \u00e0 caract\u00e8re personnel. Lors de l\u2019inscription nous vous demandons une adresse email valide afin d\u2019utiliser cette donn\u00e9e pour la cr\u00e9ation d\u2019un compte, l\u2019envoi d\u2019emails d\u2019informations et de notifications, ainsi que pour la newsletter. Afin de compl\u00e9ter votre profil, nous collectons vos noms et pr\u00e9noms, votre adresse IP et \u00e0 titre facultatif votre avatar, adresse postale, centres d\u2019int\u00e9r\u00eat, situation professionnelle et principales motivations \u00e0 vous former.<\/p>\n\n\n\n<p>Emire.Fr peut proc\u00e9der \u00e0 des enqu\u00eates de satisfaction client via nos formulaires en ligne ou vous demander de r\u00e9diger un avis sur les informations que vous avez suivi. Ces enqu\u00eates sont facultatives, men\u00e9es dans un but d\u2019am\u00e9lioration continue de nos services et pourront \u00eatre utilis\u00e9es de mani\u00e8re anonyme pour la promotion du Site.<\/p>\n\n\n\n<p>Emire.Fr utilise des outils d\u2019analyse permettant de suivre les cours entam\u00e9s par ses utilisateurs, les vid\u00e9os lues et les formations compl\u00e9t\u00e9es. Les informations collect\u00e9es permettent de suivre votre progression, vous proposer des cours adapt\u00e9s et am\u00e9liorer d\u2019une mani\u00e8re g\u00e9n\u00e9rale votre exp\u00e9rience utilisateur.<\/p>\n\n\n\n<p><strong>POURQUOI UTILISONS-NOUS DES COOKIES ?<\/strong><\/p>\n\n\n\n<p>Un \u00ab cookie \u00bb est un fichier texte d\u00e9pos\u00e9 sur votre ordinateur lors de la visite de notre plateforme. Il permet de m\u00e9moriser vos pr\u00e9f\u00e9rences sur le Site et contribue ainsi \u00e0 l\u2019optimisation et la personnalisation de nos Services sur notre plateforme.<\/p>\n\n\n\n<p>Les cookies nous permettent aussi de voir et comprendre comment notre plateforme est utilis\u00e9e par ses utilisateurs. Nous recueillons automatiquement votre adresse IP et des informations relatives \u00e0 l\u2019utilisation de notre Site. Notre plateforme peut ainsi se souvenir de votre identit\u00e9 lorsqu\u2019une connexion a \u00e9t\u00e9 \u00e9tablie entre le serveur et le navigateur web. Les informations fournies pr\u00e9c\u00e9demment dans un formulaire web pourront ainsi \u00eatre conserv\u00e9es.<\/p>\n\n\n\n<p><strong>DIFF\u00c9RENTS TYPES DE COOKIES SONT UTILIS\u00c9S SUR NOTRE SITE<\/strong><\/p>\n\n\n\n<p>Des cookies sont strictement n\u00e9cessaires au fonctionnement de notre plateforme. Ils vous permettent d\u2019utiliser les principales fonctionnalit\u00e9s de notre plateforme (par exemple l\u2019acc\u00e8s \u00e0 votre compte). Sans ces cookies, vous ne pourrez pas utiliser notre plateforme normalement.<\/p>\n\n\n\n<p>Des cookies dits \u201canalytiques\u201d : afin d\u2019am\u00e9liorer nos services, nous utilisons des cookies de mesures d\u2019audience telles que le nombre de pages vues, le nombre de visites, l\u2019activit\u00e9 des Utilisateurs et leur fr\u00e9quence de retour, notamment gr\u00e2ce aux services de Google Analytics. Ces cookies permettent seulement l\u2019\u00e9tablissement d\u2019\u00e9tudes statistiques sur le trafic des Utilisateurs sur notre plateforme, dont les r\u00e9sultats sont totalement anonymes pour nous permettre de conna\u00eetre l\u2019utilisation et les performances de notre plateforme et d\u2019en am\u00e9liorer le fonctionnement. Accepter ces cookies est une condition n\u00e9cessaire \u00e0 l\u2019utilisation de notre plateforme. Si vous les refusez, nous ne pouvons vous garantir une utilisation optimale de notre plateforme.<\/p>\n\n\n\n<p>Des cookies fonctionnels : Il s\u2019agit des cookies qui nous permettent de personnaliser votre exp\u00e9rience sur notre plateforme en m\u00e9morisant vos pr\u00e9f\u00e9rences (comme les cookies de partage de sites de m\u00e9dias sociaux). Ces cookies peuvent \u00eatre plac\u00e9s par une tierce partie pour notre compte, mais elle n\u2019est pas autoris\u00e9e \u00e0 les utiliser \u00e0 d\u2019autres fins que celles d\u00e9crites. Des cookies de ciblage : Ces cookies sont li\u00e9s aux services fournis par des tierces parties, comme les boutons \u201cJ\u2019aime\u201d ou \u201cPartager\u201d. Ces cookies sont plac\u00e9s par des tierces parties.<\/p>\n\n\n\n<p><strong>TYPES DE COOKIES UTILIS\u00c9S<\/strong><\/p>\n\n\n\n<p>Les types de cookies suivants sont utilis\u00e9s sur ce Site :<\/p>\n\n\n\n<ul class=\"wp-block-list\">\n<li>Cookies \u201ctemporaires\u201d : ce type de cookie est actif dans votre navigateur jusqu\u2019\u00e0 ce que vous quittiez notre plateforme et expire si vous n\u2019acc\u00e9der pas au Site pendant une certaine p\u00e9riode donn\u00e9e.<\/li>\n\n\n\n<li>Cookies \u201cpermanents\u201d ou \u201ctraceurs\u201d : ce type de cookie reste dans le fichier de cookies de votre navigateur pendant une p\u00e9riode plus longue, qui d\u00e9pend des param\u00e8tres de votre navigateur web. Les cookies permanents sont \u00e9galement appel\u00e9s cookies traceurs.<\/li>\n<\/ul>\n\n\n\n<p><strong>UTILISATION DES COOKIES DE TIERS<\/strong><\/p>\n\n\n\n<p>Nous pouvons recourir \u00e0 des partenaires tiers, tels que Google Analytics, pour suivre l\u2019activit\u00e9 des visiteurs de notre plateforme ou afin d\u2019identifier vos centres d\u2019int\u00e9r\u00eat sur notre plateforme et personnaliser l\u2019offre qui vous est adress\u00e9e sur notre plateforme ou en dehors de notre plateforme. Les informations pouvant ainsi \u00eatre collect\u00e9es par des annonceurs tiers peuvent inclure des donn\u00e9es telles que des donn\u00e9es de g\u00e9o-localisation ou des informations de contact, comme des adresses \u00e9lectroniques. Les politiques de confidentialit\u00e9 de ces annonceurs tiers fournissent des informations suppl\u00e9mentaires sur la mani\u00e8re dont les cookies sont utilis\u00e9s. Nous veillons \u00e0 ce que les soci\u00e9t\u00e9s partenaires acceptent de traiter les informations collect\u00e9es sur notre plateforme exclusivement pour nos besoins et conform\u00e9ment \u00e0 nos instructions, dans le respect de la r\u00e9glementation europ\u00e9enne et s\u2019engagent \u00e0 mettre en \u0153uvre des mesures appropri\u00e9es de s\u00e9curisation et de protection de la confidentialit\u00e9 des donn\u00e9es. D\u00e9sactivation des cookies. Vous pouvez \u00e0 tout moment d\u00e9sactiver les cookies en modifiant les param\u00e8tres de votre navigateur (les proc\u00e9dures peuvent varier, merci de consulter la rubrique d\u2019aide du navigateur utilis\u00e9). Nous attirons votre attention sur le fait que la d\u00e9sactivation des cookies peut r\u00e9duire ou emp\u00eacher l\u2019accessibilit\u00e9 \u00e0 tout ou partie de certaines fonctions de notre plateforme.<\/p>\n\n\n\n<p><strong>EMAILS PROMOTIONNELS<\/strong><\/p>\n\n\n\n<p>Vous pouvez \u00e0 tout moment vous d\u00e9sinscrire des envois d\u2019email en d\u00e9cochant la case \u201cJ\u2019accepte de recevoir des informations de la part de Emire.Fr dans votre compte, en cliquant sur le lien de d\u00e9sinscription fourni dans chacun de nos emails ou en prenant contact avec nous.<\/p>\n\n\n\n<p>En ce qui concerne la publicit\u00e9 cibl\u00e9e sur des sites tiers : vous pouvez vous reporter \u00e0 notre Politique relative aux Cookies pour comprendre comment retirer votre consentement. Nous collectons les informations que vous nous fournissez notamment quand :<\/p>\n\n\n\n<ul class=\"wp-block-list\">\n<li>vous naviguez sur notre plateforme et applications<\/li>\n\n\n\n<li>vous cr\u00e9ez, modifiez et acc\u00e9dez \u00e0 votre compte personnel<\/li>\n\n\n\n<li>vous remplissez un formulaire de contact<\/li>\n\n\n\n<li>vous contactez notre Service Client<\/li>\n<\/ul>\n\n\n\n<p><strong>VOS DONN\u00c9ES SONT-ELLES PARTAG\u00c9ES AVEC DES TIERS ?<\/strong><\/p>\n\n\n\n<p>En aucune fa\u00e7on Emire.Fr ne vend ni ne loue vos donn\u00e9es personnelles \u00e0 des tiers \u00e0 des fins de marketing. Les donn\u00e9es personnelles collect\u00e9es par Emire.Fr sont destin\u00e9es pour une utilisation propre et peuvent \u00eatre transmises aux soci\u00e9t\u00e9s sous-traitantes auxquelles Emire.Fr peut faire appel dans le cadre de l\u2019ex\u00e9cution de ses services.<\/p>\n\n\n\n<p>Emire.Fr travaille en \u00e9troite collaboration avec des entreprises tierces qui peuvent avoir acc\u00e8s \u00e0 vos donn\u00e9es personnelles, en particulier lorsque nous faisons appel \u00e0 des fournisseurs de moteurs de recherche et de solutions analytiques pour am\u00e9liorer et optimiser notre plateforme. Nous pouvons agr\u00e9ger des donn\u00e9es qui vous concernent et que nous recevons ou envoyons \u00e0 nos partenaires par l\u2019interm\u00e9diaire de cookies. Nous transf\u00e9rons et conservons vos donn\u00e9es dans l\u2019Union Europ\u00e9enne mais \u00e9galement hors de l\u2019Union Europ\u00e9enne vers les Etats-Unis. Les entit\u00e9s am\u00e9ricaines vers lesquelles nous transf\u00e9rons vos donn\u00e9es ont adh\u00e9r\u00e9 au Privacy Shield ou ont conclu des clauses d\u2019exploitation et contractuelles types \u00e9tablis par la Commission Europ\u00e9enne pour encadrer et s\u00e9curiser vos donn\u00e9es. Nous sommes amen\u00e9s \u00e0 faire appel aux services de ces entreprises pour r\u00e9pondre \u00e0 vos demandes, assurer le support client, fournir des outils de paiement en ligne, nous fournir des informations analytiques, des services commerciaux et publicitaires ou des services d\u2019emailing et de SMS.<\/p>\n\n\n\n<p><strong>COMMENT SONT PROT\u00c9G\u00c9ES VOS DONN\u00c9ES PERSONNELLES ?<\/strong><\/p>\n\n\n\n<p>Emire.Fr applique les mesures de s\u00e9curit\u00e9 technologiques et organisationnelles g\u00e9n\u00e9ralement reconnues afin que les donn\u00e9es \u00e0 caract\u00e8re personnel recueillies ne soient, ni perdues, ni d\u00e9tourn\u00e9es, ni consult\u00e9es, ni modifi\u00e9es ni divulgu\u00e9es par des tiers non autoris\u00e9s sauf si la communication de ces donn\u00e9es est impos\u00e9e par la r\u00e9glementation en vigueur, notamment \u00e0 la requ\u00eate d\u2019une autorit\u00e9 judiciaire, de police, de gendarmerie ou de toute autre autorit\u00e9 habilit\u00e9e par la loi. La s\u00e9curit\u00e9 des donn\u00e9es personnelles d\u00e9pend \u00e9galement des Utilisateurs. Les Utilisateurs s\u2019engagent \u00e0 conserver la confidentialit\u00e9 de leur identifiant et de leur mot de passe. Les membres s\u2019engagent \u00e9galement \u00e0 ne pas partager leur compte et \u00e0 d\u00e9clarer \u00e0 Emire.Fr toute utilisation non autoris\u00e9e dudit compte d\u00e8s lors qu\u2019ils en ont connaissance.<\/p>\n\n\n\n<p><strong>QUELLE EST LA DUR\u00c9E DE CONSERVATION DES DONN\u00c9ES PERSONNELLES DES UTILISATEURS ?<\/strong><\/p>\n\n\n\n<p>Les donn\u00e9es \u00e0 caract\u00e8re personnel communiqu\u00e9es par les Utilisateurs seront supprim\u00e9es \u00e0 l\u2019issue d\u2019une certaine p\u00e9riode et selon le type de donn\u00e9es. Pour permettre une r\u00e9cup\u00e9ration de leur compte en cas d\u2019oubli de mot de passe apr\u00e8s une p\u00e9riode prolong\u00e9e sans connexion au Site, votre e-mail est conserv\u00e9 par s\u00e9curit\u00e9. Nous conservons vos donn\u00e9es uniquement le temps n\u00e9cessaire pour les finalit\u00e9s poursuivies, conform\u00e9ment aux prescriptions l\u00e9gales.<\/p>\n\n\n\n<p>5 ans apr\u00e8s votre derni\u00e8re utilisation de notre plateforme, si vous n\u2019avez pas ferm\u00e9 votre compte;<\/p>\n\n\n\n<p>Si votre compte a \u00e9t\u00e9 suspendu ou bloqu\u00e9, nous conservons vos donn\u00e9es pour une dur\u00e9e de 2 ans \u00e0 compter de la suspension afin d\u2019\u00e9viter tout contournement de votre part des r\u00e8gles en vigueur sur notre plateforme.<\/p>\n\n\n\n<p><strong>QUELS SONT VOS DROITS ?<\/strong><\/p>\n\n\n\n<p>Conform\u00e9ment \u00e0 la r\u00e9glementation en vigueur les Utilisateurs de notre plateforme disposent des droits suivants :<\/p>\n\n\n\n<p>Droits d\u2019acc\u00e8s et de rectification&nbsp;:<\/p>\n\n\n\n<ul class=\"wp-block-list\">\n<li>Droits de mise \u00e0 jour des donn\u00e9es Utilisateurs ;<\/li>\n\n\n\n<li>Droits de verrouillage ou de suppression des donn\u00e9es des Utilisateurs \u00e0 caract\u00e8re personnel, lorsqu\u2019elles sont inexactes, incompl\u00e8tes, \u00e9quivoques, p\u00e9rim\u00e9es, ou dont la collecte, l\u2019utilisation, la communication ou la conservation est interdite ;<\/li>\n\n\n\n<li>Droits de retirer \u00e0 tout moment un consentement ;<\/li>\n\n\n\n<li>Droit \u00e0 la limitation du traitement des donn\u00e9es des Utilisateurs ;<\/li>\n\n\n\n<li>Droit d\u2019opposition aux traitements des donn\u00e9es personnelles<\/li>\n\n\n\n<li>Droit \u00e0 la portabilit\u00e9 des donn\u00e9es que les Utilisateurs auront fournies, lorsque ces donn\u00e9es font l\u2019objet de traitements automatis\u00e9s fond\u00e9s sur leur consentement ou un contrat.<\/li>\n<\/ul>\n\n\n\n<p>Pour toute demande de rectification ou d\u2019opposition \u00e0 un traitement de vos donn\u00e9es personnelles vous pouvez envoyer un email \u00e0 l\u2019adresse <a href=\"mailto:sav@emire.fr\">sav@emire.fr<\/a>. Vos requ\u00eates seront trait\u00e9es sous 30 jours. En compl\u00e9ment de votre demande, nous vous demanderons de joindre une photocopie d\u2019un justificatif d\u2019identit\u00e9 afin de v\u00e9rifier votre identit\u00e9.<\/p>","protected":false},"excerpt":{"rendered":"<p>POLITIQUE DE PROTECTION DES DONN\u00c9ES PERSONNELLES Date de derni\u00e8re mise \u00e0 jour : 25 mars 2022&nbsp; Emire.Fr est engag\u00e9 dans une d\u00e9marche continue de conformit\u00e9 avec le R\u00e8glement G\u00e9n\u00e9ral sur la Protection des Donn\u00e9es pour que les donn\u00e9es des utilisateurs soient collect\u00e9es et utilis\u00e9es de mani\u00e8re transparente, confidentielle et s\u00e9curis\u00e9e. COMMENT NOUS CONTACTER Pour toute&#8230;<\/p>","protected":false},"author":1,"featured_media":0,"parent":0,"menu_order":0,"comment_status":"closed","ping_status":"closed","template":"","meta":{"_kad_post_transparent":"","_kad_post_title":"","_kad_post_layout":"","_kad_post_sidebar_id":"","_kad_post_content_style":"","_kad_post_vertical_padding":"","_kad_post_feature":"","_kad_post_feature_position":"","_kad_post_header":false,"_kad_post_footer":false,"_kad_post_classname":"","_jet_sm_ready_style":"","_jet_sm_style":"","_jet_sm_controls_values":"","_jet_sm_fonts_collection":"","_jet_sm_fonts_links":"","footnotes":""},"class_list":["post-8278","page","type-page","status-publish","hentry"],"_links":{"self":[{"href":"https:\/\/emire.fr\/en\/wp-json\/wp\/v2\/pages\/8278","targetHints":{"allow":["GET"]}}],"collection":[{"href":"https:\/\/emire.fr\/en\/wp-json\/wp\/v2\/pages"}],"about":[{"href":"https:\/\/emire.fr\/en\/wp-json\/wp\/v2\/types\/page"}],"author":[{"embeddable":true,"href":"https:\/\/emire.fr\/en\/wp-json\/wp\/v2\/users\/1"}],"replies":[{"embeddable":true,"href":"https:\/\/emire.fr\/en\/wp-json\/wp\/v2\/comments?post=8278"}],"version-history":[{"count":0,"href":"https:\/\/emire.fr\/en\/wp-json\/wp\/v2\/pages\/8278\/revisions"}],"wp:attachment":[{"href":"https:\/\/emire.fr\/en\/wp-json\/wp\/v2\/media?parent=8278"}],"curies":[{"name":"wp","href":"https:\/\/api.w.org\/{rel}","templated":true}]}}